{"id":2474,"date":"2025-08-26T13:37:26","date_gmt":"2025-08-26T11:37:26","guid":{"rendered":"https:\/\/libraherbal.rs\/?post_type=product&#038;p=2474"},"modified":"2025-08-26T13:38:50","modified_gmt":"2025-08-26T11:38:50","slug":"kids-med","status":"publish","type":"product","link":"https:\/\/libraherbal.rs\/en\/product\/kids-med\/","title":{"rendered":"KIDS KREM MED"},"content":{"rendered":"<h3>Kids krem med-Prirodna podrska imunitetu i zdravom razvoju dece.<\/h3>\n<h3><strong>Sadr\u017ei:<\/strong><\/h3>\n<ul>\n<li><strong>Propolis<\/strong>\u00a0\u2013 prirodni antibiotik, \u0161titi od bakterija i virusa, ja\u010da imunitet.<\/li>\n<li><strong>Kurkuma<\/strong>\u00a0\u2013 sna\u017ean antioksidans, smanjuje upale, poma\u017ee normalnom funkcionisanju organizma.<\/li>\n<li><strong>Cimet<\/strong>\u00a0\u2013 doprinosi boljem varenju, reguli\u0161e energiju i podsti\u010de cirkulaciju.<\/li>\n<li><strong>Prirodni med<\/strong>\u00a0\u2013 bogat vitaminima i mineralima, \u0161titi disajne puteve i daje energiju.<\/li>\n<\/ul>","protected":false},"excerpt":{"rendered":"<p><strong>Kids krem med<\/strong> -je posebno osmi\u0161ljen med namenjen najmla\u0111ima, oboga\u0107en\u00a0<strong>propolisom, kurkumom i cimetom<\/strong> \u2014 kombinacija prirodnih sastojaka koji ja\u010daju odbrambeni sistem i \u010duvaju zdravlje dece.<\/p>\n<h3><strong>Benefiti\u00a0<\/strong><\/h3>\n<ul>\n<li>\u00a0Ja\u010da imunitet i otpornost dece<\/li>\n<li>\u00a0Pru\u017ea prirodnu za\u0161titu u sezoni prehlada i gripa<\/li>\n<li>\u00a0Podr\u017eava varenje i op\u0161te zdravlje<\/li>\n<li>\u00a0Daje energiju i doprinosi vitalnosti<\/li>\n<li>\u00a0Ukusan na\u010din da deca unose korisne sastojke svakodnevno<\/li>\n<\/ul>","protected":false},"featured_media":2475,"template":"","meta":[],"product_brand":[],"product_cat":[35],"product_tag":[],"class_list":{"0":"post-2474","1":"product","2":"type-product","3":"status-publish","4":"has-post-thumbnail","6":"product_cat-med","8":"first","9":"instock","10":"shipping-taxable","11":"purchasable","12":"product-type-simple"},"_links":{"self":[{"href":"https:\/\/libraherbal.rs\/en\/wp-json\/wp\/v2\/product\/2474","targetHints":{"allow":["GET"]}}],"collection":[{"href":"https:\/\/libraherbal.rs\/en\/wp-json\/wp\/v2\/product"}],"about":[{"href":"https:\/\/libraherbal.rs\/en\/wp-json\/wp\/v2\/types\/product"}],"wp:featuredmedia":[{"embeddable":true,"href":"https:\/\/libraherbal.rs\/en\/wp-json\/wp\/v2\/media\/2475"}],"wp:attachment":[{"href":"https:\/\/libraherbal.rs\/en\/wp-json\/wp\/v2\/media?parent=2474"}],"wp:term":[{"taxonomy":"product_brand","embeddable":true,"href":"https:\/\/libraherbal.rs\/en\/wp-json\/wp\/v2\/product_brand?post=2474"},{"taxonomy":"product_cat","embeddable":true,"href":"https:\/\/libraherbal.rs\/en\/wp-json\/wp\/v2\/product_cat?post=2474"},{"taxonomy":"product_tag","embeddable":true,"href":"https:\/\/libraherbal.rs\/en\/wp-json\/wp\/v2\/product_tag?post=2474"}],"curies":[{"name":"wp","href":"https:\/\/api.w.org\/{rel}","templated":true}]}}