{"id":2418,"date":"2025-05-28T20:59:08","date_gmt":"2025-05-28T18:59:08","guid":{"rendered":"https:\/\/libraherbal.rs\/?post_type=product&#038;p=2418"},"modified":"2025-08-18T17:13:09","modified_gmt":"2025-08-18T15:13:09","slug":"gastrocalm","status":"publish","type":"product","link":"https:\/\/libraherbal.rs\/en\/product\/gastrocalm\/","title":{"rendered":"GastroCalm"},"content":{"rendered":"<p data-start=\"93\" data-end=\"213\"><strong data-start=\"93\" data-end=\"111\">GastroCalm \u010daj<\/strong> \u2014 prirodna biljna me\u0161avina za ubla\u017eavanje gr\u010deva i gasova u stomaku, koja smiruje i olak\u0161ava varenje.<\/p>\n<p data-start=\"541\" data-end=\"554\"><strong data-start=\"541\" data-end=\"552\">Sadr\u017ei:<\/strong><\/p>\n<ul data-start=\"555\" data-end=\"1190\">\n<li data-start=\"555\" data-end=\"634\">\n<p data-start=\"557\" data-end=\"634\"><strong data-start=\"557\" data-end=\"565\">Anis<\/strong> \u2014 poma\u017ee u smanjenju gasova i gr\u010deva, deluje umiruju\u0107e na \u017eeludac.<\/p>\n<\/li>\n<li data-start=\"635\" data-end=\"715\">\n<p data-start=\"637\" data-end=\"715\"><strong data-start=\"637\" data-end=\"644\">Kim<\/strong> \u2014 podsti\u010de varenje, smanjuje nadutost i poma\u017ee u eliminaciji gasova.<\/p>\n<\/li>\n<li data-start=\"716\" data-end=\"794\">\n<p data-start=\"718\" data-end=\"794\"><strong data-start=\"718\" data-end=\"727\">Morac<\/strong> \u2014 poznat po antispazmodi\u010dnom dejstvu, smanjuje gr\u010deve u crevima.<\/p>\n<\/li>\n<li data-start=\"795\" data-end=\"862\">\n<p data-start=\"797\" data-end=\"862\"><strong data-start=\"797\" data-end=\"810\">Mati\u010dnjak<\/strong> \u2014 smiruje \u017eeluda\u010dne nervoze i pobolj\u0161ava probavu.<\/p>\n<\/li>\n<li data-start=\"863\" data-end=\"923\">\n<p data-start=\"865\" data-end=\"923\"><strong data-start=\"865\" data-end=\"877\">Kamilica<\/strong> \u2014 ubla\u017eava upale i smiruje stoma\u010dne tegobe.<\/p>\n<\/li>\n<li data-start=\"924\" data-end=\"982\">\n<p data-start=\"926\" data-end=\"982\"><strong data-start=\"926\" data-end=\"934\">Nana<\/strong> \u2014 deluje osve\u017eavaju\u0107e i poma\u017ee kod nadutosti.<\/p>\n<\/li>\n<li data-start=\"983\" data-end=\"1093\">\n<p data-start=\"985\" data-end=\"1093\"><strong data-start=\"985\" data-end=\"998\">Kantarion<\/strong> \u2014 ima antiupalna svojstva i poma\u017ee u smanjenju stresa koji mo\u017ee pogor\u0161ati probavne probleme.<\/p>\n<\/li>\n<li data-start=\"1094\" data-end=\"1190\">\n<p data-start=\"1096\" data-end=\"1190\"><strong data-start=\"1096\" data-end=\"1106\">Icirog<\/strong> \u2014 tradicionalna biljka koja smanjuje gr\u010deve i poma\u017ee opu\u0161tanju digestivnog sistema.<\/p>\n<\/li>\n<\/ul>\n<h3 data-start=\"1192\" data-end=\"1211\"><\/h3>","protected":false},"excerpt":{"rendered":"<p data-start=\"251\" data-end=\"539\"><strong data-start=\"251\" data-end=\"269\">GastroCalm \u010daj<\/strong> je pa\u017eljivo osmi\u0161ljena kombinacija biljaka poznatih po svojim antispazmodi\u010dnim i digestivnim svojstvima. Poma\u017ee u smanjenju gr\u010deva, nadutosti i gasova, olak\u0161ava varenje i smiruje nelagodnosti u stomaku. Idealan je za svakoga ko \u017eeli prirodno re\u0161enje za probavne tegobe.<\/p>\n<h3 data-start=\"1192\" data-end=\"1211\"><strong data-start=\"1196\" data-end=\"1209\">Benefiti:<\/strong><\/h3>\n<ul data-start=\"1212\" data-end=\"1439\">\n<li data-start=\"1212\" data-end=\"1242\">\n<p data-start=\"1214\" data-end=\"1242\">Ubla\u017eava gr\u010deve i nadutost<\/p>\n<\/li>\n<li data-start=\"1243\" data-end=\"1290\">\n<p data-start=\"1245\" data-end=\"1290\">Poma\u017ee kod gasova i neprijatnosti u stomaku<\/p>\n<\/li>\n<li data-start=\"1291\" data-end=\"1340\">\n<p data-start=\"1293\" data-end=\"1340\">Pobolj\u0161ava varenje i smiruje \u017eeluda\u010dne tegobe<\/p>\n<\/li>\n<li data-start=\"1341\" data-end=\"1390\">\n<p data-start=\"1343\" data-end=\"1390\">Smanjuje stres i nervozu povezanu sa probavom<\/p>\n<\/li>\n<li data-start=\"1391\" data-end=\"1439\">\n<p data-start=\"1393\" data-end=\"1439\">Prirodno i ne\u017eno deluje bez ne\u017eeljenih efekata<\/p>\n<\/li>\n<\/ul>\n<p data-start=\"1441\" data-end=\"1610\">","protected":false},"featured_media":2148,"template":"","meta":[],"product_brand":[],"product_cat":[36],"product_tag":[],"class_list":{"0":"post-2418","1":"product","2":"type-product","3":"status-publish","4":"has-post-thumbnail","6":"product_cat-caj","8":"first","9":"instock","10":"shipping-taxable","11":"purchasable","12":"product-type-simple"},"_links":{"self":[{"href":"https:\/\/libraherbal.rs\/en\/wp-json\/wp\/v2\/product\/2418","targetHints":{"allow":["GET"]}}],"collection":[{"href":"https:\/\/libraherbal.rs\/en\/wp-json\/wp\/v2\/product"}],"about":[{"href":"https:\/\/libraherbal.rs\/en\/wp-json\/wp\/v2\/types\/product"}],"wp:featuredmedia":[{"embeddable":true,"href":"https:\/\/libraherbal.rs\/en\/wp-json\/wp\/v2\/media\/2148"}],"wp:attachment":[{"href":"https:\/\/libraherbal.rs\/en\/wp-json\/wp\/v2\/media?parent=2418"}],"wp:term":[{"taxonomy":"product_brand","embeddable":true,"href":"https:\/\/libraherbal.rs\/en\/wp-json\/wp\/v2\/product_brand?post=2418"},{"taxonomy":"product_cat","embeddable":true,"href":"https:\/\/libraherbal.rs\/en\/wp-json\/wp\/v2\/product_cat?post=2418"},{"taxonomy":"product_tag","embeddable":true,"href":"https:\/\/libraherbal.rs\/en\/wp-json\/wp\/v2\/product_tag?post=2418"}],"curies":[{"name":"wp","href":"https:\/\/api.w.org\/{rel}","templated":true}]}}