{"id":2417,"date":"2025-05-28T20:41:45","date_gmt":"2025-05-28T18:41:45","guid":{"rendered":"https:\/\/libraherbal.rs\/?post_type=product&#038;p=2417"},"modified":"2025-08-18T17:12:57","modified_gmt":"2025-08-18T15:12:57","slug":"opustise","status":"publish","type":"product","link":"https:\/\/libraherbal.rs\/en\/product\/opustise\/","title":{"rendered":"OpustiSe"},"content":{"rendered":"<p data-start=\"91\" data-end=\"175\"><strong data-start=\"91\" data-end=\"107\">OpustiSe \u010daj<\/strong> \u2014 prirodna biljna me\u0161avina za opu\u0161tanje, smirenje i kvalitetan san.<\/p>\n<p data-start=\"442\" data-end=\"455\"><strong data-start=\"442\" data-end=\"453\">Sadr\u017ei:<\/strong><\/p>\n<ul data-start=\"456\" data-end=\"747\">\n<li data-start=\"456\" data-end=\"581\">\n<p data-start=\"458\" data-end=\"581\"><strong data-start=\"458\" data-end=\"472\">Valerijana<\/strong> \u2014 poznata po svom sna\u017enom sedativnom efektu, poma\u017ee u smirivanju nervnog sistema i olak\u0161ava uspavljivanje.<\/p>\n<\/li>\n<li data-start=\"582\" data-end=\"655\">\n<p data-start=\"584\" data-end=\"655\"><strong data-start=\"584\" data-end=\"592\">Nana<\/strong> \u2014 blago umiruju\u0107e dejstvo, opu\u0161ta mi\u0161i\u0107e i olak\u0161ava disanje.<\/p>\n<\/li>\n<li data-start=\"656\" data-end=\"747\">\n<p data-start=\"658\" data-end=\"747\"><strong data-start=\"658\" data-end=\"671\">Mati\u010dnjak<\/strong> \u2014 prirodni antistres, ubla\u017eava anksioznost i nervozu, doprinosi mirnom snu.<\/p>\n<\/li>\n<\/ul>\n<h3 data-start=\"749\" data-end=\"768\"><\/h3>","protected":false},"excerpt":{"rendered":"<p data-start=\"213\" data-end=\"440\"><strong data-start=\"213\" data-end=\"229\">OpustiSe \u010daj<\/strong> kombinuje mo\u0107ne umiruju\u0107e biljke koje poma\u017eu u smanjenju stresa, nervoze i pobolj\u0161avaju kvalitet sna. Savr\u0161en je izbor za one koji \u017eele da se oslobode napetosti, lak\u0161e zaspe i u\u017eivaju u dubokom i mirnom odmoru.<\/p>\n<h3 data-start=\"749\" data-end=\"768\"><strong data-start=\"753\" data-end=\"766\">Benefiti:<\/strong><\/h3>\n<ul data-start=\"769\" data-end=\"1040\">\n<li data-start=\"769\" data-end=\"810\">\n<p data-start=\"771\" data-end=\"810\">Umiruje um i telo nakon stresnog dana<\/p>\n<\/li>\n<li data-start=\"811\" data-end=\"861\">\n<p data-start=\"813\" data-end=\"861\">Olak\u0161ava uspavljivanje i pobolj\u0161ava dubinu sna<\/p>\n<\/li>\n<li data-start=\"862\" data-end=\"906\">\n<p data-start=\"864\" data-end=\"906\">Smanjuje nervozu, anksioznost i napetost<\/p>\n<\/li>\n<li data-start=\"907\" data-end=\"975\">\n<p data-start=\"909\" data-end=\"975\">Prirodno deluje bez rizika od zavisnosti ili jutarnje pospanosti<\/p>\n<\/li>\n<li data-start=\"976\" data-end=\"1040\">\n<p data-start=\"978\" data-end=\"1040\">Podr\u017eava opu\u0161tanje mi\u0161i\u0107a i pobolj\u0161ava op\u0161ti ose\u0107aj smirenosti<\/p>\n<\/li>\n<\/ul>\n<p data-start=\"1042\" data-end=\"1207\">","protected":false},"featured_media":2431,"template":"","meta":[],"product_brand":[],"product_cat":[36],"product_tag":[],"class_list":{"0":"post-2417","1":"product","2":"type-product","3":"status-publish","4":"has-post-thumbnail","6":"product_cat-caj","8":"first","9":"instock","10":"shipping-taxable","11":"purchasable","12":"product-type-simple"},"_links":{"self":[{"href":"https:\/\/libraherbal.rs\/en\/wp-json\/wp\/v2\/product\/2417","targetHints":{"allow":["GET"]}}],"collection":[{"href":"https:\/\/libraherbal.rs\/en\/wp-json\/wp\/v2\/product"}],"about":[{"href":"https:\/\/libraherbal.rs\/en\/wp-json\/wp\/v2\/types\/product"}],"wp:featuredmedia":[{"embeddable":true,"href":"https:\/\/libraherbal.rs\/en\/wp-json\/wp\/v2\/media\/2431"}],"wp:attachment":[{"href":"https:\/\/libraherbal.rs\/en\/wp-json\/wp\/v2\/media?parent=2417"}],"wp:term":[{"taxonomy":"product_brand","embeddable":true,"href":"https:\/\/libraherbal.rs\/en\/wp-json\/wp\/v2\/product_brand?post=2417"},{"taxonomy":"product_cat","embeddable":true,"href":"https:\/\/libraherbal.rs\/en\/wp-json\/wp\/v2\/product_cat?post=2417"},{"taxonomy":"product_tag","embeddable":true,"href":"https:\/\/libraherbal.rs\/en\/wp-json\/wp\/v2\/product_tag?post=2417"}],"curies":[{"name":"wp","href":"https:\/\/api.w.org\/{rel}","templated":true}]}}