{"id":2416,"date":"2025-05-28T20:38:06","date_gmt":"2025-05-28T18:38:06","guid":{"rendered":"https:\/\/libraherbal.rs\/?post_type=product&#038;p=2416"},"modified":"2025-08-18T17:12:43","modified_gmt":"2025-08-18T15:12:43","slug":"urobalans","status":"publish","type":"product","link":"https:\/\/libraherbal.rs\/en\/product\/urobalans\/","title":{"rendered":"UroBalans"},"content":{"rendered":"<p data-start=\"96\" data-end=\"212\"><strong data-start=\"96\" data-end=\"113\">UroBalans \u010daj<\/strong> \u2014 prirodna biljna me\u0161avina za zdravlje urinarnog sistema, eliminaciju bakterija i smanjenje upala.<\/p>\n<p data-start=\"569\" data-end=\"582\"><strong data-start=\"569\" data-end=\"580\">Sadr\u017ei:<\/strong><\/p>\n<ul data-start=\"583\" data-end=\"1150\">\n<li data-start=\"583\" data-end=\"697\">\n<p data-start=\"585\" data-end=\"697\"><strong data-start=\"585\" data-end=\"609\">Uva<\/strong>\u00a0\u2014 sna\u017eno prirodno antisepti\u010dko dejstvo, deluje protiv bakterija u mokra\u0107nim kanalima.<\/p>\n<\/li>\n<li data-start=\"698\" data-end=\"791\">\n<p data-start=\"700\" data-end=\"791\"><strong data-start=\"700\" data-end=\"709\">Breza<\/strong> \u2014 podsti\u010de izbacivanje vi\u0161ka te\u010dnosti i toksina, blagotvorno deluje na bubrege.<\/p>\n<\/li>\n<li data-start=\"792\" data-end=\"897\">\n<p data-start=\"794\" data-end=\"897\"><strong data-start=\"794\" data-end=\"811\">List brusnice<\/strong> \u2014 antibakterijsko i protivupalno dejstvo, odli\u010dan saveznik kod urinarnih infekcija.<\/p>\n<\/li>\n<li data-start=\"898\" data-end=\"980\">\n<p data-start=\"900\" data-end=\"980\"><strong data-start=\"900\" data-end=\"912\">Rastavi\u0107<\/strong> \u2014 diuretik koji poma\u017ee u eliminaciji bakterija i smanjenju otoka.<\/p>\n<\/li>\n<li data-start=\"981\" data-end=\"1047\">\n<p data-start=\"983\" data-end=\"1047\"><strong data-start=\"983\" data-end=\"994\">\u017dalfija<\/strong> \u2014 smanjuje upale i ima blago antisepti\u010dno dejstvo.<\/p>\n<\/li>\n<li data-start=\"1048\" data-end=\"1150\">\n<p data-start=\"1050\" data-end=\"1150\"><strong data-start=\"1050\" data-end=\"1062\">Bosiljak<\/strong> \u2014 prirodni antiseptik i antispazmodik, poma\u017ee kod bolova i gr\u010deva u mokra\u0107nim putevima.<\/p>\n<\/li>\n<\/ul>\n<h3 data-start=\"1152\" data-end=\"1171\"><\/h3>","protected":false},"excerpt":{"rendered":"<p data-start=\"250\" data-end=\"567\"><strong data-start=\"250\" data-end=\"267\">UroBalans \u010daj<\/strong> je pa\u017eljivo osmi\u0161ljena kombinacija lekovitih biljaka koje poma\u017eu u za\u0161titi i \u010di\u0161\u0107enju mokra\u0107nih puteva, smanjuju upale i poma\u017eu u izbacivanju vi\u0161ka te\u010dnosti iz organizma. Idealan je kod upala be\u0161ike, peska u bubrezima, infekcija mokra\u0107nih puteva i preventivno za o\u010duvanje zdravlja urinarnog sistema.<\/p>\n<h3 data-start=\"1152\" data-end=\"1171\"><strong data-start=\"1156\" data-end=\"1169\">Benefiti:<\/strong><\/h3>\n<ul data-start=\"1172\" data-end=\"1429\">\n<li data-start=\"1172\" data-end=\"1218\">\n<p data-start=\"1174\" data-end=\"1218\">Poma\u017ee kod upala be\u0161ike i mokra\u0107nih puteva<\/p>\n<\/li>\n<li data-start=\"1219\" data-end=\"1260\">\n<p data-start=\"1221\" data-end=\"1260\">Deluje antibakterijski i protivupalno<\/p>\n<\/li>\n<li data-start=\"1261\" data-end=\"1310\">\n<p data-start=\"1263\" data-end=\"1310\">Olak\u0161ava izbacivanje vi\u0161ka te\u010dnosti i toksina<\/p>\n<\/li>\n<li data-start=\"1311\" data-end=\"1354\">\n<p data-start=\"1313\" data-end=\"1354\">Ubla\u017eava bol i nelagodnost pri mokrenju<\/p>\n<\/li>\n<li data-start=\"1355\" data-end=\"1429\">\n<p data-start=\"1357\" data-end=\"1429\">Mo\u017ee se koristiti preventivno i kod sklonosti ka urinarnim infekcijama<\/p>\n<\/li>\n<\/ul>","protected":false},"featured_media":2432,"template":"","meta":[],"product_brand":[],"product_cat":[36],"product_tag":[],"class_list":{"0":"post-2416","1":"product","2":"type-product","3":"status-publish","4":"has-post-thumbnail","6":"product_cat-caj","8":"first","9":"instock","10":"shipping-taxable","11":"purchasable","12":"product-type-simple"},"_links":{"self":[{"href":"https:\/\/libraherbal.rs\/en\/wp-json\/wp\/v2\/product\/2416","targetHints":{"allow":["GET"]}}],"collection":[{"href":"https:\/\/libraherbal.rs\/en\/wp-json\/wp\/v2\/product"}],"about":[{"href":"https:\/\/libraherbal.rs\/en\/wp-json\/wp\/v2\/types\/product"}],"wp:featuredmedia":[{"embeddable":true,"href":"https:\/\/libraherbal.rs\/en\/wp-json\/wp\/v2\/media\/2432"}],"wp:attachment":[{"href":"https:\/\/libraherbal.rs\/en\/wp-json\/wp\/v2\/media?parent=2416"}],"wp:term":[{"taxonomy":"product_brand","embeddable":true,"href":"https:\/\/libraherbal.rs\/en\/wp-json\/wp\/v2\/product_brand?post=2416"},{"taxonomy":"product_cat","embeddable":true,"href":"https:\/\/libraherbal.rs\/en\/wp-json\/wp\/v2\/product_cat?post=2416"},{"taxonomy":"product_tag","embeddable":true,"href":"https:\/\/libraherbal.rs\/en\/wp-json\/wp\/v2\/product_tag?post=2416"}],"curies":[{"name":"wp","href":"https:\/\/api.w.org\/{rel}","templated":true}]}}