{"id":2415,"date":"2025-05-28T20:33:53","date_gmt":"2025-05-28T18:33:53","guid":{"rendered":"https:\/\/libraherbal.rs\/?post_type=product&#038;p=2415"},"modified":"2025-07-24T17:56:46","modified_gmt":"2025-07-24T15:56:46","slug":"pulmorelax","status":"publish","type":"product","link":"https:\/\/libraherbal.rs\/en\/product\/pulmorelax\/","title":{"rendered":"PulmoRelax"},"content":{"rendered":"<p data-start=\"102\" data-end=\"214\"><strong data-start=\"102\" data-end=\"120\">PulmoRelax \u010daj<\/strong> \u2014 prirodna biljna me\u0161avina za olak\u0161avanje disanja, umirenje ka\u0161lja i za\u0161titu disajnih puteva.<\/p>\n<p data-start=\"545\" data-end=\"558\"><strong data-start=\"545\" data-end=\"556\">Sadr\u017ei:<\/strong><\/p>\n<ul data-start=\"559\" data-end=\"853\">\n<li data-start=\"559\" data-end=\"649\">\n<p data-start=\"561\" data-end=\"649\"><strong data-start=\"561\" data-end=\"574\">Beli slez<\/strong> \u2014 obla\u017ee sluzoko\u017eu grla i disajnih puteva, ubla\u017eava suvi ka\u0161alj i upale.<\/p>\n<\/li>\n<li data-start=\"650\" data-end=\"748\">\n<p data-start=\"652\" data-end=\"748\"><strong data-start=\"652\" data-end=\"668\">\u0160a\u0161 (\u0161aldic)<\/strong> \u2014 tradicionalno kori\u0161\u0107en za lak\u0161e iska\u0161ljavanje i smirivanje nadra\u017eenog grla.<\/p>\n<\/li>\n<li data-start=\"749\" data-end=\"853\">\n<p data-start=\"751\" data-end=\"853\"><strong data-start=\"751\" data-end=\"761\">Podbel<\/strong> \u2014 poznat prirodni lek za plu\u0107a i bronhije, olak\u0161ava disanje i ubla\u017eava gr\u010deve u bronhijama.<\/p>\n<\/li>\n<\/ul>\n<h3 data-start=\"855\" data-end=\"874\"><\/h3>","protected":false},"excerpt":{"rendered":"<p data-start=\"252\" data-end=\"543\"><strong data-start=\"252\" data-end=\"270\">PulmoRelax \u010daj<\/strong> je pa\u017eljivo birana kombinacija biljaka koje blagotvorno deluju na respiratorni sistem, umiruju nadra\u017eajni i suvi ka\u0161alj, olak\u0161avaju disanje i smanjuju upalne procese u disajnim putevima. Idealan je u sezoni prehlada, gripa, alergija ili kod hroni\u010dnih respiratornih tegoba.<\/p>\n<h3 data-start=\"855\" data-end=\"874\"><strong data-start=\"859\" data-end=\"872\">Benefiti:<\/strong><\/h3>\n<ul data-start=\"875\" data-end=\"1155\">\n<li data-start=\"875\" data-end=\"924\">\n<p data-start=\"877\" data-end=\"924\">Umiruje nadra\u017eajni, suvi i produktivni ka\u0161alj<\/p>\n<\/li>\n<li data-start=\"925\" data-end=\"980\">\n<p data-start=\"927\" data-end=\"980\">\u0160titi i regeneri\u0161e sluzoko\u017eu grla i disajnih puteva<\/p>\n<\/li>\n<li data-start=\"981\" data-end=\"1044\">\n<p data-start=\"983\" data-end=\"1044\">Olak\u0161ava disanje kod prehlada, gripa, bronhitisa i alergija<\/p>\n<\/li>\n<li data-start=\"1045\" data-end=\"1084\">\n<p data-start=\"1047\" data-end=\"1084\">Poma\u017ee izbacivanje sekreta iz plu\u0107a<\/p>\n<\/li>\n<li data-start=\"1085\" data-end=\"1155\">\n<p data-start=\"1087\" data-end=\"1155\">Smiruje upalne procese i ubla\u017eava simptome respiratornih infekcija<\/p>\n<\/li>\n<\/ul>\n<p data-start=\"1157\" data-end=\"1321\">","protected":false},"featured_media":2433,"template":"","meta":[],"product_brand":[],"product_cat":[36],"product_tag":[],"class_list":{"0":"post-2415","1":"product","2":"type-product","3":"status-publish","4":"has-post-thumbnail","6":"product_cat-caj","8":"first","9":"instock","10":"shipping-taxable","11":"purchasable","12":"product-type-simple"},"_links":{"self":[{"href":"https:\/\/libraherbal.rs\/en\/wp-json\/wp\/v2\/product\/2415","targetHints":{"allow":["GET"]}}],"collection":[{"href":"https:\/\/libraherbal.rs\/en\/wp-json\/wp\/v2\/product"}],"about":[{"href":"https:\/\/libraherbal.rs\/en\/wp-json\/wp\/v2\/types\/product"}],"wp:featuredmedia":[{"embeddable":true,"href":"https:\/\/libraherbal.rs\/en\/wp-json\/wp\/v2\/media\/2433"}],"wp:attachment":[{"href":"https:\/\/libraherbal.rs\/en\/wp-json\/wp\/v2\/media?parent=2415"}],"wp:term":[{"taxonomy":"product_brand","embeddable":true,"href":"https:\/\/libraherbal.rs\/en\/wp-json\/wp\/v2\/product_brand?post=2415"},{"taxonomy":"product_cat","embeddable":true,"href":"https:\/\/libraherbal.rs\/en\/wp-json\/wp\/v2\/product_cat?post=2415"},{"taxonomy":"product_tag","embeddable":true,"href":"https:\/\/libraherbal.rs\/en\/wp-json\/wp\/v2\/product_tag?post=2415"}],"curies":[{"name":"wp","href":"https:\/\/api.w.org\/{rel}","templated":true}]}}