{"id":2414,"date":"2025-05-28T20:27:03","date_gmt":"2025-05-28T18:27:03","guid":{"rendered":"https:\/\/libraherbal.rs\/?post_type=product&#038;p=2414"},"modified":"2025-07-24T17:58:22","modified_gmt":"2025-07-24T15:58:22","slug":"jetradetox","status":"publish","type":"product","link":"https:\/\/libraherbal.rs\/en\/product\/jetradetox\/","title":{"rendered":"JetraDetox"},"content":{"rendered":"<p data-start=\"105\" data-end=\"212\"><strong data-start=\"105\" data-end=\"123\">JetraDetox \u010daj<\/strong> \u2014 prirodna biljna me\u0161avina za \u010di\u0161\u0107enje jetre, podsticanje detoksikacije i bolju probavu.<\/p>\n<p data-start=\"545\" data-end=\"558\"><strong data-start=\"545\" data-end=\"556\">Sadr\u017ei:<\/strong><\/p>\n<ul data-start=\"559\" data-end=\"1073\">\n<li data-start=\"559\" data-end=\"650\">\n<p data-start=\"561\" data-end=\"650\"><strong data-start=\"561\" data-end=\"570\">Pelin<\/strong> \u2014 sna\u017eno detoks dejstvo, podsti\u010de rad jetre i \u017eu\u010dne kese, pobolj\u0161ava varenje.<\/p>\n<\/li>\n<li data-start=\"651\" data-end=\"731\">\n<p data-start=\"653\" data-end=\"731\"><strong data-start=\"653\" data-end=\"665\">Bosiljak<\/strong> \u2014 \u0161titi jetru od upalnih procesa i ima antioksidativno dejstvo.<\/p>\n<\/li>\n<li data-start=\"732\" data-end=\"822\">\n<p data-start=\"734\" data-end=\"822\"><strong data-start=\"734\" data-end=\"752\">Maj\u010dina du\u0161ica<\/strong> \u2014 blago antisepti\u010dno dejstvo, olak\u0161ava varenje i smanjuje nadutost.<\/p>\n<\/li>\n<li data-start=\"823\" data-end=\"904\">\n<p data-start=\"825\" data-end=\"904\"><strong data-start=\"825\" data-end=\"836\">Mle\u010dika<\/strong> \u2014 tradicionalno kori\u0161\u0107ena za ja\u010danje jetre i eliminaciju toksina.<\/p>\n<\/li>\n<li data-start=\"905\" data-end=\"984\">\n<p data-start=\"907\" data-end=\"984\"><strong data-start=\"907\" data-end=\"919\">Kamilica<\/strong> \u2014 smiruje stoma\u010dne tegobe, ubla\u017eava upale i deluje opu\u0161taju\u0107e.<\/p>\n<\/li>\n<li data-start=\"985\" data-end=\"1073\">\n<p data-start=\"987\" data-end=\"1073\"><strong data-start=\"987\" data-end=\"1005\">Hajdu\u010dka trava<\/strong> \u2014 pospe\u0161uje lu\u010denje \u017eu\u010di, pobolj\u0161ava metabolizam masti i \u010disti krv.<\/p>\n<\/li>\n<\/ul>\n<h3 data-start=\"1075\" data-end=\"1094\"><\/h3>","protected":false},"excerpt":{"rendered":"<p data-start=\"250\" data-end=\"543\"><strong data-start=\"250\" data-end=\"268\">JetraDetox \u010daj<\/strong> je pa\u017eljivo odabrana kombinacija lekovitih biljaka koje podsti\u010du rad jetre, poma\u017eu u eliminaciji toksina i \u0161tite ovaj va\u017ean organ. Idealan je za sve koji \u017eele da rasterete organizam nakon te\u0161ke hrane, alkohola, lekova ili u periodima prole\u0107nog i jesenjeg \u010di\u0161\u0107enja organizma.<\/p>\n<h3 data-start=\"1075\" data-end=\"1094\"><strong data-start=\"1079\" data-end=\"1092\">Benefiti:<\/strong><\/h3>\n<ul data-start=\"1095\" data-end=\"1335\">\n<li data-start=\"1095\" data-end=\"1146\">\n<p data-start=\"1097\" data-end=\"1146\">Podsti\u010de prirodno \u010di\u0161\u0107enje i regeneraciju jetre<\/p>\n<\/li>\n<li data-start=\"1147\" data-end=\"1192\">\n<p data-start=\"1149\" data-end=\"1192\">Poma\u017ee u eliminaciji toksina iz organizma<\/p>\n<\/li>\n<li data-start=\"1193\" data-end=\"1233\">\n<p data-start=\"1195\" data-end=\"1233\">Olak\u0161ava varenje i smanjuje nadutost<\/p>\n<\/li>\n<li data-start=\"1234\" data-end=\"1283\">\n<p data-start=\"1236\" data-end=\"1283\">Pobolj\u0161ava rad \u017eu\u010dne kese i metabolizam masti<\/p>\n<\/li>\n<li data-start=\"1284\" data-end=\"1335\">\n<p data-start=\"1286\" data-end=\"1335\">Smiruje stoma\u010dne tegobe izazvane lo\u0161om ishranom<\/p>\n<\/li>\n<\/ul>\n<p data-start=\"545\" data-end=\"558\">","protected":false},"featured_media":2434,"template":"","meta":[],"product_brand":[],"product_cat":[36],"product_tag":[],"class_list":{"0":"post-2414","1":"product","2":"type-product","3":"status-publish","4":"has-post-thumbnail","6":"product_cat-caj","8":"first","9":"instock","10":"shipping-taxable","11":"purchasable","12":"product-type-simple"},"_links":{"self":[{"href":"https:\/\/libraherbal.rs\/en\/wp-json\/wp\/v2\/product\/2414","targetHints":{"allow":["GET"]}}],"collection":[{"href":"https:\/\/libraherbal.rs\/en\/wp-json\/wp\/v2\/product"}],"about":[{"href":"https:\/\/libraherbal.rs\/en\/wp-json\/wp\/v2\/types\/product"}],"wp:featuredmedia":[{"embeddable":true,"href":"https:\/\/libraherbal.rs\/en\/wp-json\/wp\/v2\/media\/2434"}],"wp:attachment":[{"href":"https:\/\/libraherbal.rs\/en\/wp-json\/wp\/v2\/media?parent=2414"}],"wp:term":[{"taxonomy":"product_brand","embeddable":true,"href":"https:\/\/libraherbal.rs\/en\/wp-json\/wp\/v2\/product_brand?post=2414"},{"taxonomy":"product_cat","embeddable":true,"href":"https:\/\/libraherbal.rs\/en\/wp-json\/wp\/v2\/product_cat?post=2414"},{"taxonomy":"product_tag","embeddable":true,"href":"https:\/\/libraherbal.rs\/en\/wp-json\/wp\/v2\/product_tag?post=2414"}],"curies":[{"name":"wp","href":"https:\/\/api.w.org\/{rel}","templated":true}]}}