{"id":2413,"date":"2025-05-28T20:10:34","date_gmt":"2025-05-28T18:10:34","guid":{"rendered":"https:\/\/libraherbal.rs\/?post_type=product&#038;p=2413"},"modified":"2025-08-21T17:55:14","modified_gmt":"2025-08-21T15:55:14","slug":"med-za-smirenje","status":"publish","type":"product","link":"https:\/\/libraherbal.rs\/en\/product\/med-za-smirenje\/","title":{"rendered":"RELAX MED"},"content":{"rendered":"<p data-start=\"121\" data-end=\"227\"><strong>Relax med<\/strong> \u2014 prirodna biljna me\u0161avina koja opu\u0161ta, umiruje i poma\u017ee kod nesanice i nervoze.<\/p>\n<p data-start=\"553\" data-end=\"566\"><strong data-start=\"553\" data-end=\"564\">Sadr\u017ei:<\/strong><\/p>\n<ul data-start=\"567\" data-end=\"838\">\n<li data-start=\"567\" data-end=\"673\">\n<p data-start=\"569\" data-end=\"673\"><strong data-start=\"569\" data-end=\"583\">Valerijana<\/strong> \u2014 najpoznatija biljka za smirenje, umanjuje napetost, teskobu i olak\u0161ava uspavljivanje.<\/p>\n<\/li>\n<li data-start=\"674\" data-end=\"749\">\n<p data-start=\"676\" data-end=\"749\"><strong data-start=\"676\" data-end=\"684\">Nana<\/strong> \u2014 blago sedativno dejstvo, smiruje nervozu i opu\u0161ta telo i um.<\/p>\n<\/li>\n<li data-start=\"750\" data-end=\"838\">\n<p data-start=\"752\" data-end=\"838\"><strong data-start=\"752\" data-end=\"765\">Mati\u010dnjak<\/strong> \u2014 prirodni antistres saveznik, ubla\u017eava nervozu, anksioznost i nesanicu.<\/p>\n<\/li>\n<\/ul>\n<h3 data-start=\"840\" data-end=\"859\"><\/h3>","protected":false},"excerpt":{"rendered":"<p data-start=\"265\" data-end=\"551\"><b>Relax med<\/b> je ne\u017ena, a mo\u0107na kombinacija prirodnog meda i biljaka koje poma\u017eu opu\u0161tanju, smanjenju stresa i nesanice. Idealan je za sve koji se bore sa napetim danima, nemirom pred spavanje ili lo\u0161im snom. Ova receptura poma\u017ee da lak\u0161e zaspite i imate kvalitetniji odmor.<\/p>\n<h3 data-start=\"840\" data-end=\"859\"><strong data-start=\"844\" data-end=\"857\">Benefiti:<\/strong><\/h3>\n<ul data-start=\"860\" data-end=\"1137\">\n<li data-start=\"860\" data-end=\"901\">\n<p data-start=\"862\" data-end=\"901\">Umiruje telo i um nakon stresnog dana<\/p>\n<\/li>\n<li data-start=\"902\" data-end=\"954\">\n<p data-start=\"904\" data-end=\"954\">Olak\u0161ava uspavljivanje i pobolj\u0161ava kvalitet sna<\/p>\n<\/li>\n<li data-start=\"955\" data-end=\"1003\">\n<p data-start=\"957\" data-end=\"1003\">Poma\u017ee kod anksioznosti, nervoze i napetosti<\/p>\n<\/li>\n<li data-start=\"1004\" data-end=\"1073\">\n<p data-start=\"1006\" data-end=\"1073\">Blagotvorno deluje na srce i smanjuje ubrzan puls izazvan stresom<\/p>\n<\/li>\n<li data-start=\"1074\" data-end=\"1137\">\n<p data-start=\"1076\" data-end=\"1137\">Bez ne\u017eeljenih efekata \u2014 potpuno prirodno i bez navikavanja<\/p>\n<\/li>\n<\/ul>\n<p data-start=\"1139\" data-end=\"1292\">","protected":false},"featured_media":2473,"template":"","meta":[],"product_brand":[],"product_cat":[35],"product_tag":[],"class_list":{"0":"post-2413","1":"product","2":"type-product","3":"status-publish","4":"has-post-thumbnail","6":"product_cat-med","8":"first","9":"instock","10":"shipping-taxable","11":"purchasable","12":"product-type-simple"},"_links":{"self":[{"href":"https:\/\/libraherbal.rs\/en\/wp-json\/wp\/v2\/product\/2413","targetHints":{"allow":["GET"]}}],"collection":[{"href":"https:\/\/libraherbal.rs\/en\/wp-json\/wp\/v2\/product"}],"about":[{"href":"https:\/\/libraherbal.rs\/en\/wp-json\/wp\/v2\/types\/product"}],"wp:featuredmedia":[{"embeddable":true,"href":"https:\/\/libraherbal.rs\/en\/wp-json\/wp\/v2\/media\/2473"}],"wp:attachment":[{"href":"https:\/\/libraherbal.rs\/en\/wp-json\/wp\/v2\/media?parent=2413"}],"wp:term":[{"taxonomy":"product_brand","embeddable":true,"href":"https:\/\/libraherbal.rs\/en\/wp-json\/wp\/v2\/product_brand?post=2413"},{"taxonomy":"product_cat","embeddable":true,"href":"https:\/\/libraherbal.rs\/en\/wp-json\/wp\/v2\/product_cat?post=2413"},{"taxonomy":"product_tag","embeddable":true,"href":"https:\/\/libraherbal.rs\/en\/wp-json\/wp\/v2\/product_tag?post=2413"}],"curies":[{"name":"wp","href":"https:\/\/api.w.org\/{rel}","templated":true}]}}