{"id":2411,"date":"2025-05-28T20:01:57","date_gmt":"2025-05-28T18:01:57","guid":{"rendered":"https:\/\/libraherbal.rs\/?post_type=product&#038;p=2411"},"modified":"2025-08-26T13:39:26","modified_gmt":"2025-08-26T11:39:26","slug":"med-za-zensko-zdravlje","status":"publish","type":"product","link":"https:\/\/libraherbal.rs\/en\/product\/med-za-zensko-zdravlje\/","title":{"rendered":"LADY&#8217;S MED"},"content":{"rendered":"<p data-start=\"94\" data-end=\"239\"><b>Lady&#8217;s med<\/b> \u2014 prirodna biljna me\u0161avina za hormonalni balans, olak\u0161avanje bolnih menstruacija, PMS tegoba i podr\u0161ku kod policisti\u010dnih jajnika.<\/p>\n<p data-start=\"613\" data-end=\"626\"><strong data-start=\"613\" data-end=\"624\">Sadr\u017ei:<\/strong><\/p>\n<ul data-start=\"627\" data-end=\"1089\">\n<li data-start=\"627\" data-end=\"764\">\n<p data-start=\"629\" data-end=\"764\"><strong data-start=\"629\" data-end=\"644\">List maline<\/strong> \u2014 poznat kao \u201ebiljka za \u017eensko zdravlje\u201c, tonira matericu, ubla\u017eava menstrualne bolove i poma\u017ee u regulaciji ciklusa.<\/p>\n<\/li>\n<li data-start=\"765\" data-end=\"887\">\n<p data-start=\"767\" data-end=\"887\"><strong data-start=\"767\" data-end=\"776\">Cimet<\/strong> \u2014 pobolj\u0161ava cirkulaciju, reguli\u0161e nivo \u0161e\u0107era u krvi i poma\u017ee kod hormonskih disbalansa, naro\u010dito kod PCOS.<\/p>\n<\/li>\n<li data-start=\"888\" data-end=\"989\">\n<p data-start=\"890\" data-end=\"989\"><strong data-start=\"890\" data-end=\"901\">Komora\u010d<\/strong> \u2014 smanjuje gr\u010deve i nadutost, deluje kao prirodan estrogen i ubla\u017eava simptome PMS-a.<\/p>\n<\/li>\n<li data-start=\"990\" data-end=\"1089\">\n<p data-start=\"992\" data-end=\"1089\"><strong data-start=\"992\" data-end=\"1002\">\u0110umbir<\/strong> \u2014 sna\u017eno protivupalno dejstvo, olak\u0161ava menstrualne bolove, mu\u010dnine i podi\u017ee energiju.<\/p>\n<\/li>\n<\/ul>\n<h3 data-start=\"1091\" data-end=\"1110\"><\/h3>","protected":false},"excerpt":{"rendered":"<p data-start=\"277\" data-end=\"611\"><b>Lady&#8217;s med<\/b> je pa\u017eljivo kreiran spoj meda i biljaka koje od davnina poma\u017eu \u017eenskom zdravlju. Ova prirodna receptura poma\u017ee u regulaciji hormona, olak\u0161avanju bolnih menstruacija, ubla\u017eavanju PMS simptoma i podr\u0161ci kod sindroma policisti\u010dnih jajnika (PCOS). Deluje umiruju\u0107e na organizam, smanjuje nadutost, gr\u010deve i razdra\u017eljivost.<\/p>\n<h3 data-start=\"1091\" data-end=\"1110\"><strong data-start=\"1095\" data-end=\"1108\">Benefiti:<\/strong><\/h3>\n<ul data-start=\"1111\" data-end=\"1358\">\n<li data-start=\"1111\" data-end=\"1151\">\n<p data-start=\"1113\" data-end=\"1151\">Ubla\u017eava bolne menstruacije i gr\u010deve<\/p>\n<\/li>\n<li data-start=\"1152\" data-end=\"1206\">\n<p data-start=\"1154\" data-end=\"1206\">Poma\u017ee u regulaciji hormona i menstrualnog ciklusa<\/p>\n<\/li>\n<li data-start=\"1207\" data-end=\"1260\">\n<p data-start=\"1209\" data-end=\"1260\">Smanjuje simptome PMS-a: nervozu, nadutost i umor<\/p>\n<\/li>\n<li data-start=\"1261\" data-end=\"1312\">\n<p data-start=\"1263\" data-end=\"1312\">Pru\u017ea podr\u0161ku \u017eenama sa policisti\u010dnim jajnicima<\/p>\n<\/li>\n<li data-start=\"1313\" data-end=\"1358\">\n<p data-start=\"1315\" data-end=\"1358\">Ja\u010da organizam i podsti\u010de prirodni balans<\/p>\n<\/li>\n<\/ul>","protected":false},"featured_media":2477,"template":"","meta":[],"product_brand":[],"product_cat":[35],"product_tag":[],"class_list":{"0":"post-2411","1":"product","2":"type-product","3":"status-publish","4":"has-post-thumbnail","6":"product_cat-med","8":"first","9":"instock","10":"shipping-taxable","11":"purchasable","12":"product-type-simple"},"_links":{"self":[{"href":"https:\/\/libraherbal.rs\/en\/wp-json\/wp\/v2\/product\/2411","targetHints":{"allow":["GET"]}}],"collection":[{"href":"https:\/\/libraherbal.rs\/en\/wp-json\/wp\/v2\/product"}],"about":[{"href":"https:\/\/libraherbal.rs\/en\/wp-json\/wp\/v2\/types\/product"}],"wp:featuredmedia":[{"embeddable":true,"href":"https:\/\/libraherbal.rs\/en\/wp-json\/wp\/v2\/media\/2477"}],"wp:attachment":[{"href":"https:\/\/libraherbal.rs\/en\/wp-json\/wp\/v2\/media?parent=2411"}],"wp:term":[{"taxonomy":"product_brand","embeddable":true,"href":"https:\/\/libraherbal.rs\/en\/wp-json\/wp\/v2\/product_brand?post=2411"},{"taxonomy":"product_cat","embeddable":true,"href":"https:\/\/libraherbal.rs\/en\/wp-json\/wp\/v2\/product_cat?post=2411"},{"taxonomy":"product_tag","embeddable":true,"href":"https:\/\/libraherbal.rs\/en\/wp-json\/wp\/v2\/product_tag?post=2411"}],"curies":[{"name":"wp","href":"https:\/\/api.w.org\/{rel}","templated":true}]}}