{"id":2410,"date":"2025-05-28T19:53:25","date_gmt":"2025-05-28T17:53:25","guid":{"rendered":"https:\/\/libraherbal.rs\/?post_type=product&#038;p=2410"},"modified":"2025-08-21T17:40:09","modified_gmt":"2025-08-21T15:40:09","slug":"med-za-koncentraciju","status":"publish","type":"product","link":"https:\/\/libraherbal.rs\/en\/product\/med-za-koncentraciju\/","title":{"rendered":"FOKUS MED"},"content":{"rendered":"<p data-start=\"102\" data-end=\"219\"><b>Fokus med<\/b> \u2014 prirodna kombinacija meda i biljaka koje pobolj\u0161avaju pam\u0107enje, fokus i mentalnu energiju.<\/p>\n<p data-start=\"542\" data-end=\"555\"><strong data-start=\"542\" data-end=\"553\">Sadr\u017ei:<\/strong><\/p>\n<ul data-start=\"556\" data-end=\"1041\">\n<li data-start=\"556\" data-end=\"636\">\n<p data-start=\"558\" data-end=\"636\"><strong data-start=\"558\" data-end=\"574\">Ginko biloba<\/strong> \u2014 pobolj\u0161ava mo\u017edanu cirkulaciju, pam\u0107enje i koncentraciju.<\/p>\n<\/li>\n<li data-start=\"637\" data-end=\"735\">\n<p data-start=\"639\" data-end=\"735\"><strong data-start=\"639\" data-end=\"653\">Zeleni \u010daj<\/strong> \u2014 bogat antioksidansima, podi\u017ee energiju, pobolj\u0161ava pa\u017enju i mentalnu jasno\u0107u.<\/p>\n<\/li>\n<li data-start=\"736\" data-end=\"820\">\n<p data-start=\"738\" data-end=\"820\"><strong data-start=\"738\" data-end=\"750\">Crni \u010daj<\/strong> \u2014 blagi prirodni stimulans, podsti\u010de budnost i pobolj\u0161ava reflekse.<\/p>\n<\/li>\n<li data-start=\"821\" data-end=\"937\">\n<p data-start=\"823\" data-end=\"937\"><strong data-start=\"823\" data-end=\"835\">Ruzmarin<\/strong> \u2014 poznat po svom delovanju na memoriju i mentalnu sve\u017einu, koristi se od davnina za ja\u010danje fokusa.<\/p>\n<\/li>\n<li data-start=\"938\" data-end=\"1041\">\n<p data-start=\"940\" data-end=\"1041\"><strong data-start=\"940\" data-end=\"960\">\u010caj od borovnice<\/strong> \u2014 bogat antocijaninima koji \u010duvaju mo\u017edane funkcije i \u0161tite neurone od starenja.<\/p>\n<\/li>\n<\/ul>\n<h3 data-start=\"1043\" data-end=\"1062\"><\/h3>","protected":false},"excerpt":{"rendered":"<p data-start=\"257\" data-end=\"540\"><strong data-start=\"257\" data-end=\"281\">Fokus med-<\/strong> je pa\u017eljivo pripremljena me\u0161avina prirodnog meda i biljaka poznatih po svojoj sposobnosti da podsti\u010du mo\u017edanu aktivnost, pobolj\u0161avaju cirkulaciju i ja\u010daju pam\u0107enje. Idealno za u\u010denike, studente, poslovne ljude i sve koji \u017eele bolji fokus i mentalnu energiju.<\/p>\n<h3 data-start=\"1043\" data-end=\"1062\"><strong data-start=\"1047\" data-end=\"1060\">Benefiti:<\/strong><\/h3>\n<ul data-start=\"1063\" data-end=\"1341\">\n<li data-start=\"1063\" data-end=\"1121\">\n<p data-start=\"1065\" data-end=\"1121\">Pobolj\u0161ava koncentraciju, pam\u0107enje i mentalnu energiju<\/p>\n<\/li>\n<li data-start=\"1122\" data-end=\"1172\">\n<p data-start=\"1124\" data-end=\"1172\">Pove\u0107ava mo\u017edanu cirkulaciju i dotok kiseonika<\/p>\n<\/li>\n<li data-start=\"1173\" data-end=\"1242\">\n<p data-start=\"1175\" data-end=\"1242\">Ubla\u017eava mentalni umor i poma\u017ee u periodima intelektualnog napora<\/p>\n<\/li>\n<li data-start=\"1243\" data-end=\"1297\">\n<p data-start=\"1245\" data-end=\"1297\">Poma\u017ee kod u\u010denja, rada i dugotrajne koncentracije<\/p>\n<\/li>\n<li data-start=\"1298\" data-end=\"1341\">\n<p data-start=\"1300\" data-end=\"1341\">Smanjuje ose\u0107aj iscrpljenosti i nervozu<\/p>\n<\/li>\n<\/ul>\n<p data-start=\"542\" data-end=\"555\">","protected":false},"featured_media":2470,"template":"","meta":[],"product_brand":[],"product_cat":[35],"product_tag":[],"class_list":{"0":"post-2410","1":"product","2":"type-product","3":"status-publish","4":"has-post-thumbnail","6":"product_cat-med","8":"first","9":"instock","10":"shipping-taxable","11":"purchasable","12":"product-type-simple"},"_links":{"self":[{"href":"https:\/\/libraherbal.rs\/en\/wp-json\/wp\/v2\/product\/2410","targetHints":{"allow":["GET"]}}],"collection":[{"href":"https:\/\/libraherbal.rs\/en\/wp-json\/wp\/v2\/product"}],"about":[{"href":"https:\/\/libraherbal.rs\/en\/wp-json\/wp\/v2\/types\/product"}],"wp:featuredmedia":[{"embeddable":true,"href":"https:\/\/libraherbal.rs\/en\/wp-json\/wp\/v2\/media\/2470"}],"wp:attachment":[{"href":"https:\/\/libraherbal.rs\/en\/wp-json\/wp\/v2\/media?parent=2410"}],"wp:term":[{"taxonomy":"product_brand","embeddable":true,"href":"https:\/\/libraherbal.rs\/en\/wp-json\/wp\/v2\/product_brand?post=2410"},{"taxonomy":"product_cat","embeddable":true,"href":"https:\/\/libraherbal.rs\/en\/wp-json\/wp\/v2\/product_cat?post=2410"},{"taxonomy":"product_tag","embeddable":true,"href":"https:\/\/libraherbal.rs\/en\/wp-json\/wp\/v2\/product_tag?post=2410"}],"curies":[{"name":"wp","href":"https:\/\/api.w.org\/{rel}","templated":true}]}}