{"id":2409,"date":"2025-05-28T19:45:52","date_gmt":"2025-05-28T17:45:52","guid":{"rendered":"https:\/\/libraherbal.rs\/?post_type=product&#038;p=2409"},"modified":"2025-08-18T16:29:04","modified_gmt":"2025-08-18T14:29:04","slug":"gvozdje-med","status":"publish","type":"product","link":"https:\/\/libraherbal.rs\/en\/product\/gvozdje-med\/","title":{"rendered":"GVO\u017d\u0110E MED"},"content":{"rendered":"<p data-start=\"234\" data-end=\"475\"><strong data-start=\"234\" data-end=\"248\">Gvo\u017e\u0111e Med-<\/strong>je prirodna kombinacija meda i biljaka bogatih mineralima, posebno namenjena osobama sa slabom krvnom slikom, anemijom i hroni\u010dnim umorom. Ova receptura podsti\u010de stvaranje crvenih krvnih zrnaca, ja\u010da imunitet i vra\u0107a energiju.<\/p>\n<h3 data-start=\"1015\" data-end=\"1034\"><strong data-start=\"1019\" data-end=\"1032\">Benefiti:<\/strong><\/h3>\n<ul data-start=\"1035\" data-end=\"1245\">\n<li data-start=\"1035\" data-end=\"1084\">\n<p data-start=\"1037\" data-end=\"1084\">Pove\u0107ava nivo gvo\u017e\u0111a i pobolj\u0161ava krvnu sliku<\/p>\n<\/li>\n<li data-start=\"1085\" data-end=\"1125\">\n<p data-start=\"1087\" data-end=\"1125\">Poma\u017ee kod anemije i hroni\u010dnog umora<\/p>\n<\/li>\n<li data-start=\"1126\" data-end=\"1168\">\n<p data-start=\"1128\" data-end=\"1168\">\u010cisti organizam i podsti\u010de cirkulaciju<\/p>\n<\/li>\n<li data-start=\"1169\" data-end=\"1203\">\n<p data-start=\"1171\" data-end=\"1203\">Ja\u010da imunitet i vra\u0107a energiju<\/p>\n<\/li>\n<li data-start=\"1204\" data-end=\"1245\">\n<p data-start=\"1206\" data-end=\"1245\">Pobolj\u0161ava apsorpciju gvo\u017e\u0111a iz hrane<\/p>\n<\/li>\n<\/ul>","protected":false},"excerpt":{"rendered":"<p data-start=\"89\" data-end=\"196\"><strong data-start=\"89\" data-end=\"103\">Gvo\u017e\u0111e Med<\/strong> \u2014 prirodna biljna me\u0161avina za ja\u010danje krvi, pobolj\u0161anje nivoa gvo\u017e\u0111a i vitalnosti organizma.<\/p>\n<p data-start=\"477\" data-end=\"490\"><strong data-start=\"477\" data-end=\"488\">Sadr\u017ei:<\/strong><\/p>\n<ul data-start=\"491\" data-end=\"1013\">\n<li data-start=\"491\" data-end=\"594\">\n<p data-start=\"493\" data-end=\"594\"><strong data-start=\"493\" data-end=\"509\">Seme koprive<\/strong> \u2014 bogato gvo\u017e\u0111em i mineralima, ja\u010da krvnu sliku i podsti\u010de regeneraciju organizma.<\/p>\n<\/li>\n<li data-start=\"595\" data-end=\"679\">\n<p data-start=\"597\" data-end=\"679\"><strong data-start=\"597\" data-end=\"606\">Pelin<\/strong> \u2014 podsti\u010de varenje i apsorpciju gvo\u017e\u0111a iz hrane, \u010disti krv i osna\u017euje.<\/p>\n<\/li>\n<li data-start=\"680\" data-end=\"789\">\n<p data-start=\"682\" data-end=\"789\"><strong data-start=\"682\" data-end=\"701\">Crvena detelina<\/strong> \u2014 sadr\u017ei fitoestrogene i minerale, pobolj\u0161ava cirkulaciju i poma\u017ee kod slabokrvnosti.<\/p>\n<\/li>\n<li data-start=\"790\" data-end=\"902\">\n<p data-start=\"792\" data-end=\"902\"><strong data-start=\"792\" data-end=\"808\">List koprive<\/strong> \u2014 prirodni izvor gvo\u017e\u0111a i vitamina C, \u010disti krv i podsti\u010de stvaranje crvenih krvnih zrnaca.<\/p>\n<\/li>\n<li data-start=\"903\" data-end=\"1013\">\n<p data-start=\"905\" data-end=\"1013\"><strong data-start=\"905\" data-end=\"918\">Trava iva<\/strong> \u2014 poznata kao \u201cbiljka koja mrtve di\u017ee\u201d, ja\u010da organizam, poma\u017ee kod iscrpljenosti i slabe krvi.<\/p>\n<\/li>\n<\/ul>\n<h3 data-start=\"1015\" data-end=\"1034\"><\/h3>","protected":false},"featured_media":2445,"template":"","meta":[],"product_brand":[],"product_cat":[35],"product_tag":[],"class_list":{"0":"post-2409","1":"product","2":"type-product","3":"status-publish","4":"has-post-thumbnail","6":"product_cat-med","8":"first","9":"instock","10":"shipping-taxable","11":"purchasable","12":"product-type-simple"},"_links":{"self":[{"href":"https:\/\/libraherbal.rs\/en\/wp-json\/wp\/v2\/product\/2409","targetHints":{"allow":["GET"]}}],"collection":[{"href":"https:\/\/libraherbal.rs\/en\/wp-json\/wp\/v2\/product"}],"about":[{"href":"https:\/\/libraherbal.rs\/en\/wp-json\/wp\/v2\/types\/product"}],"wp:featuredmedia":[{"embeddable":true,"href":"https:\/\/libraherbal.rs\/en\/wp-json\/wp\/v2\/media\/2445"}],"wp:attachment":[{"href":"https:\/\/libraherbal.rs\/en\/wp-json\/wp\/v2\/media?parent=2409"}],"wp:term":[{"taxonomy":"product_brand","embeddable":true,"href":"https:\/\/libraherbal.rs\/en\/wp-json\/wp\/v2\/product_brand?post=2409"},{"taxonomy":"product_cat","embeddable":true,"href":"https:\/\/libraherbal.rs\/en\/wp-json\/wp\/v2\/product_cat?post=2409"},{"taxonomy":"product_tag","embeddable":true,"href":"https:\/\/libraherbal.rs\/en\/wp-json\/wp\/v2\/product_tag?post=2409"}],"curies":[{"name":"wp","href":"https:\/\/api.w.org\/{rel}","templated":true}]}}