{"id":2408,"date":"2025-05-28T19:36:22","date_gmt":"2025-05-28T17:36:22","guid":{"rendered":"https:\/\/libraherbal.rs\/?post_type=product&#038;p=2408"},"modified":"2025-08-19T18:38:52","modified_gmt":"2025-08-19T16:38:52","slug":"cisto-med","status":"publish","type":"product","link":"https:\/\/libraherbal.rs\/en\/product\/cisto-med\/","title":{"rendered":"CISTO MED"},"content":{"rendered":"<p data-start=\"120\" data-end=\"266\"><strong data-start=\"145\" data-end=\"158\">\u010cisto Med<\/strong> \u2014 prirodna biljna me\u0161avina meda za \u010di\u0161\u0107enje organizma, hormonalnu ravnote\u017eu i podr\u0161ku u borbi protiv cisti.<\/p>\n<p data-start=\"584\" data-end=\"597\"><strong data-start=\"584\" data-end=\"595\">Sadr\u017ei:<\/strong><\/p>\n<ul data-start=\"598\" data-end=\"1287\">\n<li data-start=\"598\" data-end=\"677\">\n<p data-start=\"600\" data-end=\"677\"><strong data-start=\"600\" data-end=\"618\">Hajdu\u010dka trava<\/strong> \u2014 pro\u010di\u0161\u0107ava krv, deluje protivupalno i ubla\u017eava bolove.<\/p>\n<\/li>\n<li data-start=\"678\" data-end=\"773\">\n<p data-start=\"680\" data-end=\"773\"><strong data-start=\"680\" data-end=\"693\">Kantarion<\/strong> \u2014 prirodni antidepresiv, smiruje nervni sistem i poma\u017ee u regeneraciji tkiva.<\/p>\n<\/li>\n<li data-start=\"774\" data-end=\"868\">\n<p data-start=\"776\" data-end=\"868\"><strong data-start=\"776\" data-end=\"785\">Neven<\/strong> \u2014 \u010disti organizam, deluje protivupalno i podr\u017eava regeneraciju ko\u017ee i sluzoko\u017ee.<\/p>\n<\/li>\n<li data-start=\"869\" data-end=\"950\">\n<p data-start=\"871\" data-end=\"950\"><strong data-start=\"871\" data-end=\"889\">Maj\u010dina du\u0161ica<\/strong> \u2014 antibakterijsko dejstvo, smanjuje upale i ja\u010da imunitet.<\/p>\n<\/li>\n<li data-start=\"951\" data-end=\"1027\">\n<p data-start=\"953\" data-end=\"1027\"><strong data-start=\"953\" data-end=\"966\">Mati\u010dnjak<\/strong> \u2014 umiruje, smanjuje stres i poma\u017ee kod hormonalnih tegoba.<\/p>\n<\/li>\n<li data-start=\"1028\" data-end=\"1151\">\n<p data-start=\"1030\" data-end=\"1151\"><strong data-start=\"1030\" data-end=\"1046\">Macina trava<\/strong> \u2014 tradicionalna biljka za \u017eensko zdravlje, naro\u010dito kod problema sa cistama i hormonskom neravnote\u017eom.<\/p>\n<\/li>\n<li data-start=\"1152\" data-end=\"1222\">\n<p data-start=\"1154\" data-end=\"1222\"><strong data-start=\"1154\" data-end=\"1165\">\u017dalfija<\/strong> \u2014 \u010disti organizam, balansira hormone i smanjuje upale.<\/p>\n<\/li>\n<li data-start=\"1223\" data-end=\"1287\">\n<p data-start=\"1225\" data-end=\"1287\"><strong data-start=\"1225\" data-end=\"1236\">Kopriva<\/strong> \u2014 bogata mineralima, \u010disti krv i ja\u010da krvnu sliku.<\/p>\n<\/li>\n<\/ul>\n<p data-start=\"1289\" data-end=\"1304\">","protected":false},"excerpt":{"rendered":"<p data-start=\"273\" data-end=\"582\"><strong data-start=\"300\" data-end=\"313\">\u010cisto Med<\/strong>-je pa\u017eljivo osmi\u0161ljena prirodna kombinacija meda i lekovitih biljaka koje poma\u017eu u detoksikaciji tela, hormonalnom balansu i ja\u010danju imuniteta. Ova tradicionalna receptura posebno se preporu\u010duje \u017eenama koje imaju problema sa cistama, hormonalnim disbalansom i upalama.<\/p>\n<p data-start=\"1289\" data-end=\"1304\"><strong data-start=\"1289\" data-end=\"1302\">Benefiti:<\/strong><\/p>\n<ul data-start=\"1305\" data-end=\"1543\">\n<li data-start=\"1305\" data-end=\"1356\">\n<p data-start=\"1307\" data-end=\"1356\">Poma\u017ee u borbi protiv cisti i hormonskih tegoba<\/p>\n<\/li>\n<li data-start=\"1357\" data-end=\"1403\">\n<p data-start=\"1359\" data-end=\"1403\">\u010cisti organizam i podsti\u010de prirodni detoks<\/p>\n<\/li>\n<li data-start=\"1404\" data-end=\"1446\">\n<p data-start=\"1406\" data-end=\"1446\">Ja\u010da imunitet i otpornost na infekcije<\/p>\n<\/li>\n<li data-start=\"1447\" data-end=\"1489\">\n<p data-start=\"1449\" data-end=\"1489\">Umiruje nervni sistem i otklanja stres<\/p>\n<\/li>\n<li data-start=\"1490\" data-end=\"1543\">\n<p data-start=\"1492\" data-end=\"1543\">Pobolj\u0161ava cirkulaciju i op\u0161te zdravstveno stanje<\/p>\n<\/li>\n<\/ul>\n<p data-start=\"584\" data-end=\"597\">","protected":false},"featured_media":2459,"template":"","meta":[],"product_brand":[],"product_cat":[35],"product_tag":[],"class_list":{"0":"post-2408","1":"product","2":"type-product","3":"status-publish","4":"has-post-thumbnail","6":"product_cat-med","8":"first","9":"instock","10":"shipping-taxable","11":"purchasable","12":"product-type-simple"},"_links":{"self":[{"href":"https:\/\/libraherbal.rs\/en\/wp-json\/wp\/v2\/product\/2408","targetHints":{"allow":["GET"]}}],"collection":[{"href":"https:\/\/libraherbal.rs\/en\/wp-json\/wp\/v2\/product"}],"about":[{"href":"https:\/\/libraherbal.rs\/en\/wp-json\/wp\/v2\/types\/product"}],"wp:featuredmedia":[{"embeddable":true,"href":"https:\/\/libraherbal.rs\/en\/wp-json\/wp\/v2\/media\/2459"}],"wp:attachment":[{"href":"https:\/\/libraherbal.rs\/en\/wp-json\/wp\/v2\/media?parent=2408"}],"wp:term":[{"taxonomy":"product_brand","embeddable":true,"href":"https:\/\/libraherbal.rs\/en\/wp-json\/wp\/v2\/product_brand?post=2408"},{"taxonomy":"product_cat","embeddable":true,"href":"https:\/\/libraherbal.rs\/en\/wp-json\/wp\/v2\/product_cat?post=2408"},{"taxonomy":"product_tag","embeddable":true,"href":"https:\/\/libraherbal.rs\/en\/wp-json\/wp\/v2\/product_tag?post=2408"}],"curies":[{"name":"wp","href":"https:\/\/api.w.org\/{rel}","templated":true}]}}