{"id":2168,"date":"2025-05-11T22:55:04","date_gmt":"2025-05-11T22:55:04","guid":{"rendered":"https:\/\/libraherbal.rs\/?post_type=product&#038;p=2168"},"modified":"2025-07-24T18:04:49","modified_gmt":"2025-07-24T16:04:49","slug":"caj-za-anginu-pektoris","status":"publish","type":"product","link":"https:\/\/libraherbal.rs\/en\/product\/caj-za-anginu-pektoris\/","title":{"rendered":"AngioRelax"},"content":{"rendered":"<p><strong>Prirodni biljni \u010daj za anginu pektoris<\/strong> \u2014 podr\u017eava zdravlje srca, umiruje, pobolj\u0161ava cirkulaciju i poma\u017ee kod pritiska i bolova u grudima.<\/p>\n<p>Sadr\u017ei:<\/p>\n<ul>\n<li><strong>Glog<\/strong>\u00a0\u2014 najpoznatija biljka za ja\u010danje srca, pobolj\u0161ava cirkulaciju, smanjuje pritisak i ubla\u017eava bolove u grudima.<\/li>\n<li><strong>Mati\u010dnjak<\/strong>\u00a0\u2014 umiruje sr\u010danu napetost, smanjuje nervozu i poma\u017ee kod ubrzanog rada srca izazvanog stresom.<\/li>\n<li><strong>Valerijana<\/strong>\u00a0\u2014 deluje sedativno, opu\u0161ta krvne sudove i smanjuje nervnu napetost koja mo\u017ee izazvati tegobe u grudima.<\/li>\n<li><strong>Hajdu\u010dka trava<\/strong>\u00a0\u2014 pobolj\u0161ava cirkulaciju, deluje protivupalno i ubla\u017eava bolove.<\/li>\n<li><strong>Nana<\/strong>\u00a0\u2014 osve\u017eava, opu\u0161ta i doprinosi lak\u0161em disanju i boljem radu srca.<\/li>\n<\/ul>","protected":false},"excerpt":{"rendered":"<p><strong>\u010caj za anginu pektoris<\/strong> -je pa\u017eljivo pripremljena biljna me\u0161avina namenjena osobama koje imaju tegobe sa srcem, pritisak u grudima i lo\u0161u cirkulaciju. Ova tradicionalna kombinacija biljaka deluje blago sedativno, pobolj\u0161ava rad srca i smanjuje napetost, poma\u017eu\u0107i kod simptoma angine pektoris.<\/p>\n<p><strong>Benefiti:<\/strong><\/p>\n<ul>\n<li>Poma\u017ee kod tegoba angine pektoris i bolova u grudima<\/li>\n<li>Ja\u010da i smiruje srce<\/li>\n<li>Pobolj\u0161ava cirkulaciju i smanjuje pritisak<\/li>\n<li>Ubla\u017eava nervozu, stres i napetost<\/li>\n<li>Deluje blago sedativno i opu\u0161taju\u0107e<\/li>\n<\/ul>","protected":false},"featured_media":2435,"template":"","meta":[],"product_brand":[],"product_cat":[36],"product_tag":[],"class_list":{"0":"post-2168","1":"product","2":"type-product","3":"status-publish","4":"has-post-thumbnail","6":"product_cat-caj","8":"first","9":"instock","10":"shipping-taxable","11":"purchasable","12":"product-type-simple"},"_links":{"self":[{"href":"https:\/\/libraherbal.rs\/en\/wp-json\/wp\/v2\/product\/2168","targetHints":{"allow":["GET"]}}],"collection":[{"href":"https:\/\/libraherbal.rs\/en\/wp-json\/wp\/v2\/product"}],"about":[{"href":"https:\/\/libraherbal.rs\/en\/wp-json\/wp\/v2\/types\/product"}],"wp:featuredmedia":[{"embeddable":true,"href":"https:\/\/libraherbal.rs\/en\/wp-json\/wp\/v2\/media\/2435"}],"wp:attachment":[{"href":"https:\/\/libraherbal.rs\/en\/wp-json\/wp\/v2\/media?parent=2168"}],"wp:term":[{"taxonomy":"product_brand","embeddable":true,"href":"https:\/\/libraherbal.rs\/en\/wp-json\/wp\/v2\/product_brand?post=2168"},{"taxonomy":"product_cat","embeddable":true,"href":"https:\/\/libraherbal.rs\/en\/wp-json\/wp\/v2\/product_cat?post=2168"},{"taxonomy":"product_tag","embeddable":true,"href":"https:\/\/libraherbal.rs\/en\/wp-json\/wp\/v2\/product_tag?post=2168"}],"curies":[{"name":"wp","href":"https:\/\/api.w.org\/{rel}","templated":true}]}}