{"id":2166,"date":"2025-05-11T22:31:35","date_gmt":"2025-05-11T22:31:35","guid":{"rendered":"https:\/\/libraherbal.rs\/?post_type=product&#038;p=2166"},"modified":"2025-08-21T17:41:05","modified_gmt":"2025-08-21T15:41:05","slug":"prostata-med","status":"publish","type":"product","link":"https:\/\/libraherbal.rs\/en\/product\/prostata-med\/","title":{"rendered":"PROSTATA MED"},"content":{"rendered":"<p><strong>Prostata Med<\/strong> \u2014 prirodna me\u0161avina meda i biljaka koje podr\u017eavaju zdravlje prostate, olak\u0161avaju mokrenje i poma\u017eu kod upala i tegoba urinarnog trakta.<\/p>\n<p>Sadr\u017ei:<\/p>\n<ul>\n<li><strong>Koren koprive<\/strong>\u00a0\u2014 smanjuje uve\u0107anje prostate, olak\u0161ava mokrenje i deluje protivupalno.<\/li>\n<li><strong>Seme bundeve<\/strong>\u00a0\u2014 bogato cinkom i esencijalnim masnim kiselinama, doprinosi zdravlju prostate i spre\u010dava upale.<\/li>\n<li><strong>List koprive<\/strong>\u00a0\u2014 \u010disti organizam, deluje diuretski i podr\u017eava funkciju bubrega i be\u0161ike.<\/li>\n<li><strong>Mle\u010dika <\/strong>\u2014 tradicionalna biljka za le\u010denje tegoba prostate, upala i problema sa zadr\u017eavanjem urina.<\/li>\n<li><strong>Rastavi\u0107<\/strong>\u00a0\u2014 prirodni diuretik, poma\u017ee u izbacivanju vi\u0161ka te\u010dnosti i smanjenju upala u urinarnom traktu.<\/li>\n<\/ul>","protected":false},"excerpt":{"rendered":"<p><strong>Prostata Med-<\/strong>je prirodna kombinacija meda i pa\u017eljivo biranih biljaka koje su vekovima kori\u0161\u0107ene za o\u010duvanje zdravlja prostate i urinarnog sistema. Namenjen je mu\u0161karcima koji \u017eele prirodnu podr\u0161ku u prevenciji i ubla\u017eavanju simptoma vezanih za prostatu i mokra\u0107ne puteve.<\/p>\n<p><strong>Benefiti:<\/strong><\/p>\n<ul>\n<li>Podr\u017eava zdravlje i normalnu funkciju prostate<\/li>\n<li>Ubla\u017eava probleme sa mokrenjem i u\u010destalim no\u0107nim ustajanjem<\/li>\n<li>Smanjuje upale i nelagodnost u predelu mokra\u0107nih puteva<\/li>\n<li>Doprinosi \u010di\u0161\u0107enju organizma i eliminaciji vi\u0161ka te\u010dnosti<\/li>\n<li>Prirodna pomo\u0107 u prevenciji i olak\u0161avanju tegoba u vezi sa prostatom<\/li>\n<\/ul>\n<p>Prirodna formula za mu\u0161ko zdravlje.<\/p>","protected":false},"featured_media":2471,"template":"","meta":[],"product_brand":[],"product_cat":[35],"product_tag":[],"class_list":{"0":"post-2166","1":"product","2":"type-product","3":"status-publish","4":"has-post-thumbnail","6":"product_cat-med","8":"first","9":"instock","10":"shipping-taxable","11":"purchasable","12":"product-type-simple"},"_links":{"self":[{"href":"https:\/\/libraherbal.rs\/en\/wp-json\/wp\/v2\/product\/2166","targetHints":{"allow":["GET"]}}],"collection":[{"href":"https:\/\/libraherbal.rs\/en\/wp-json\/wp\/v2\/product"}],"about":[{"href":"https:\/\/libraherbal.rs\/en\/wp-json\/wp\/v2\/types\/product"}],"wp:featuredmedia":[{"embeddable":true,"href":"https:\/\/libraherbal.rs\/en\/wp-json\/wp\/v2\/media\/2471"}],"wp:attachment":[{"href":"https:\/\/libraherbal.rs\/en\/wp-json\/wp\/v2\/media?parent=2166"}],"wp:term":[{"taxonomy":"product_brand","embeddable":true,"href":"https:\/\/libraherbal.rs\/en\/wp-json\/wp\/v2\/product_brand?post=2166"},{"taxonomy":"product_cat","embeddable":true,"href":"https:\/\/libraherbal.rs\/en\/wp-json\/wp\/v2\/product_cat?post=2166"},{"taxonomy":"product_tag","embeddable":true,"href":"https:\/\/libraherbal.rs\/en\/wp-json\/wp\/v2\/product_tag?post=2166"}],"curies":[{"name":"wp","href":"https:\/\/api.w.org\/{rel}","templated":true}]}}