{"id":2165,"date":"2025-05-11T22:19:36","date_gmt":"2025-05-11T22:19:36","guid":{"rendered":"https:\/\/libraherbal.rs\/?post_type=product&#038;p=2165"},"modified":"2025-08-26T13:42:03","modified_gmt":"2025-08-26T11:42:03","slug":"imuno-med","status":"publish","type":"product","link":"https:\/\/libraherbal.rs\/en\/product\/imuno-med\/","title":{"rendered":"IMUNO MED"},"content":{"rendered":"<p><strong>Imuno Med<\/strong> \u2014 prirodna me\u0161avina meda i devet lekovitih biljaka za ja\u010danje imuniteta, detoksikaciju organizma i podr\u0161ku zdravlju disajnih i digestivnih organa.<\/p>\n<p>Sadr\u017ei:<\/p>\n<ul>\n<li><strong>Maj\u010dina du\u0161ica<\/strong>\u00a0\u2014 smiruje ka\u0161alj, olak\u0161ava disanje i deluje antibakterijski.<\/li>\n<li><strong>Kopriva<\/strong>\u00a0\u2014 prirodni \u010dista\u010d krvi, bogata gvo\u017e\u0111em, ja\u010da organizam i podsti\u010de detoksikaciju.<\/li>\n<li><strong>\u017dalfija<\/strong>\u00a0\u2014 deluje protivupalno, umiruje upale grla i usne duplje, ja\u010da imunitet.<\/li>\n<li><strong>Ki\u010dica<\/strong>\u00a0\u2014 osna\u017euje imunitet, poma\u017ee kod malaksalosti i vra\u0107a energiju.<\/li>\n<li><strong>Masla\u010dak<\/strong>\u00a0\u2014 pro\u010di\u0161\u0107ava jetru, podsti\u010de izbacivanje toksina i doprinosi zdravlju ko\u017ee.<\/li>\n<li><strong>Trava Iva<\/strong> \u2014ja\u010da organizam i olak\u0161ava oporavak.<\/li>\n<li><strong>Kurkuma<\/strong>\u00a0\u2014 prirodni antioksidans i sna\u017ean protivupalni agens.<\/li>\n<li><strong>\u0110umbir<\/strong>\u00a0\u2014 ja\u010da otpornost, greje organizam i poma\u017ee kod prehlade i mu\u010dnine.<\/li>\n<\/ul>","protected":false},"excerpt":{"rendered":"<p><strong>Imuno Med<\/strong>-je mo\u0107an biljni eliksir u medu, napravljen od pa\u017eljivo biranih lekovitih biljaka koje zajedno pru\u017eaju sna\u017enu podr\u0161ku imunitetu, pro\u010di\u0161\u0107avaju organizam i poma\u017eu telu da se izbori sa svakodnevnim naporima i sezonskim izazovima.<\/p>\n<p><strong>Benefiti:<\/strong><\/p>\n<ul>\n<li>Ja\u010da prirodni imunitet<\/li>\n<li>\u010cisti krv i podsti\u010de detoksikaciju<\/li>\n<li>Poma\u017ee kod prehlada, grlobolje i ka\u0161lja<\/li>\n<li>Olak\u0161ava varenje i ubla\u017eava nadutost<\/li>\n<li>Deluje protivupalno i osve\u017eava organizam<\/li>\n<li>Doprinosi boljem oporavku nakon bolesti i iscrpljenosti<\/li>\n<\/ul>","protected":false},"featured_media":2457,"template":"","meta":[],"product_brand":[],"product_cat":[35],"product_tag":[],"class_list":{"0":"post-2165","1":"product","2":"type-product","3":"status-publish","4":"has-post-thumbnail","6":"product_cat-med","8":"first","9":"instock","10":"shipping-taxable","11":"purchasable","12":"product-type-simple"},"_links":{"self":[{"href":"https:\/\/libraherbal.rs\/en\/wp-json\/wp\/v2\/product\/2165","targetHints":{"allow":["GET"]}}],"collection":[{"href":"https:\/\/libraherbal.rs\/en\/wp-json\/wp\/v2\/product"}],"about":[{"href":"https:\/\/libraherbal.rs\/en\/wp-json\/wp\/v2\/types\/product"}],"wp:featuredmedia":[{"embeddable":true,"href":"https:\/\/libraherbal.rs\/en\/wp-json\/wp\/v2\/media\/2457"}],"wp:attachment":[{"href":"https:\/\/libraherbal.rs\/en\/wp-json\/wp\/v2\/media?parent=2165"}],"wp:term":[{"taxonomy":"product_brand","embeddable":true,"href":"https:\/\/libraherbal.rs\/en\/wp-json\/wp\/v2\/product_brand?post=2165"},{"taxonomy":"product_cat","embeddable":true,"href":"https:\/\/libraherbal.rs\/en\/wp-json\/wp\/v2\/product_cat?post=2165"},{"taxonomy":"product_tag","embeddable":true,"href":"https:\/\/libraherbal.rs\/en\/wp-json\/wp\/v2\/product_tag?post=2165"}],"curies":[{"name":"wp","href":"https:\/\/api.w.org\/{rel}","templated":true}]}}