{"id":2164,"date":"2025-05-11T22:09:53","date_gmt":"2025-05-11T22:09:53","guid":{"rendered":"https:\/\/libraherbal.rs\/?post_type=product&#038;p=2164"},"modified":"2025-08-19T16:54:12","modified_gmt":"2025-08-19T14:54:12","slug":"bronhi-med","status":"publish","type":"product","link":"https:\/\/libraherbal.rs\/en\/product\/bronhi-med\/","title":{"rendered":"BRONHI MED"},"content":{"rendered":"<p><strong>Bronhi Med<\/strong> \u2014 sna\u017ena kombinacija propolisa, nane i ulja divljeg origana za ja\u010danje imuniteta, za\u0161titu od prehlada i podr\u0161ku disajnim putevima.<\/p>\n<p>Sadr\u017ei:<\/p>\n<ul>\n<li><strong>Propolis<\/strong> \u2014 poznat kao prirodni antibiotik, \u0161titi organizam od bakterija, virusa i gljivica, umiruje grlo i ja\u010da imunitet<\/li>\n<li><strong>Nana<\/strong>\u00a0\u2014 osve\u017eava, umiruje stomak, ubla\u017eava ka\u0161alj i doprinosi boljoj probavi.<\/li>\n<li><strong>Ulje divljeg origana<\/strong>\u00a0\u2014 jedno od najja\u010dih prirodnih antimikrobnih sredstava, poma\u017ee u borbi protiv infekcija i oja\u010dava odbrambene mehanizme organizma.<\/li>\n<\/ul>\n<p><strong>Benefiti:<\/strong><\/p>\n<ul>\n<li>Ja\u010da imunitet i prirodnu otpornost organizma<\/li>\n<li>Poma\u017ee kod prehlada, ka\u0161lja i grlobolje<\/li>\n<li>\u010cisti disajne puteve i olak\u0161ava disanje<\/li>\n<li>Deluje antibakterijski i protivupalno<\/li>\n<li>Podr\u017eava zdravlje digestivnog sistema<\/li>\n<\/ul>","protected":false},"excerpt":{"rendered":"<p><strong>Bronhi Med<\/strong>-je pa\u017eljivo osmi\u0161ljena prirodna me\u0161avina meda sa mo\u0107nim biljnim ekstraktima koja poma\u017ee va\u0161em telu da se izbori sa svakodnevnim izazovima.<\/p>\n<p>Prirodan, ukusan i efikasan saveznik va\u0161eg zdravlja.<\/p>\n<p><strong>Benefiti:<\/strong><\/p>\n<ul>\n<li>Ja\u010da imunitet i prirodnu otpornost organizma<\/li>\n<li>Poma\u017ee kod prehlada, ka\u0161lja i grlobolje<\/li>\n<li>\u010cisti disajne puteve i olak\u0161ava disanje<\/li>\n<li>Deluje antibakterijski i protivupalno<\/li>\n<li>Podr\u017eava zdravlje digestivnog sistema<\/li>\n<\/ul>","protected":false},"featured_media":2455,"template":"","meta":[],"product_brand":[],"product_cat":[35],"product_tag":[],"class_list":{"0":"post-2164","1":"product","2":"type-product","3":"status-publish","4":"has-post-thumbnail","6":"product_cat-med","8":"first","9":"instock","10":"shipping-taxable","11":"purchasable","12":"product-type-simple"},"_links":{"self":[{"href":"https:\/\/libraherbal.rs\/en\/wp-json\/wp\/v2\/product\/2164","targetHints":{"allow":["GET"]}}],"collection":[{"href":"https:\/\/libraherbal.rs\/en\/wp-json\/wp\/v2\/product"}],"about":[{"href":"https:\/\/libraherbal.rs\/en\/wp-json\/wp\/v2\/types\/product"}],"wp:featuredmedia":[{"embeddable":true,"href":"https:\/\/libraherbal.rs\/en\/wp-json\/wp\/v2\/media\/2455"}],"wp:attachment":[{"href":"https:\/\/libraherbal.rs\/en\/wp-json\/wp\/v2\/media?parent=2164"}],"wp:term":[{"taxonomy":"product_brand","embeddable":true,"href":"https:\/\/libraherbal.rs\/en\/wp-json\/wp\/v2\/product_brand?post=2164"},{"taxonomy":"product_cat","embeddable":true,"href":"https:\/\/libraherbal.rs\/en\/wp-json\/wp\/v2\/product_cat?post=2164"},{"taxonomy":"product_tag","embeddable":true,"href":"https:\/\/libraherbal.rs\/en\/wp-json\/wp\/v2\/product_tag?post=2164"}],"curies":[{"name":"wp","href":"https:\/\/api.w.org\/{rel}","templated":true}]}}