{"id":2099,"date":"2020-03-10T21:16:55","date_gmt":"2020-03-10T21:16:55","guid":{"rendered":"https:\/\/libraherbal.rs\/privacy-policy\/"},"modified":"2025-05-16T12:39:15","modified_gmt":"2025-05-16T10:39:15","slug":"privacy-policy","status":"publish","type":"page","link":"https:\/\/libraherbal.rs\/en\/privacy-policy\/","title":{"rendered":"Uslovi kori\u0161\u0107enja i politika privatnosti"},"content":{"rendered":"<div data-elementor-type=\"wp-page\" data-elementor-id=\"2099\" class=\"elementor elementor-2099\">\n\t\t\t\t<div class=\"elementor-element elementor-element-591fda73 e-flex e-con-boxed e-con e-parent\" data-id=\"591fda73\" data-element_type=\"container\">\n\t\t\t\t\t<div class=\"e-con-inner\">\n\t\t\t\t<div class=\"elementor-element elementor-element-6ff2bd62 elementor-widget elementor-widget-text-editor\" data-id=\"6ff2bd62\" data-element_type=\"widget\" data-widget_type=\"text-editor.default\">\n\t\t\t\t<div class=\"elementor-widget-container\">\n\t\t\t\t\t\t\t\t\t<p><\/p>\n<div id=\"main-content\" role=\"main\">\n<section id=\"shopify-section-template--18754494791917__main\" class=\"shopify-section section-page\">\n<div class=\"section-spacing\">\n<div class=\"row\">\n<div class=\"small-12 columns\">\n<div class=\"blog-post-detail\">\n<div class=\"page-content-width rte\">\n<div class=\"col-12 col-lg-10 offset-lg-1 mb-5\">\n<h2 class=\"mb-3\"><small>PRISTUP I KORI\u0160\u0106ENJE SAJTA<\/small><\/h2>\n<p class=\"mb-5\">Va\u0161 pristup, kao i kori\u0161\u0107enje na\u0161eg internet sajta (u daljem tekstu: internet sajt) podle\u017ee ovim uslovima kori\u0161\u0107enja i va\u017ee\u0107im zakonskim propisima koji ure\u0111uju ovu oblast. Pristupom i kori\u0161\u0107enjem internet sajta, prihvatate bez ograni\u010denja, ove uslove kori\u0161\u0107enja. Ukoliko ne prihvatate ove uslove kori\u0161\u0107enja bez ograni\u010denja, molimo vas da napustite internet sajt.<\/p>\n<h2 class=\"mb-3\"><small>VLASNI\u0160TVO SADR\u017dAJA<\/small><\/h2>\n<p class=\"mb-5\">Internet sajt i svi tekstovi, logotipi, grafika, slike i ostali materijal na ovom internet sajtu (u daljem tekstu: Sadr\u017eaj), jesu autorsko pravo ili vlasni\u0161tvo Libra Herbal ili su na internet sajt postavljeni uz dozvolu vlasnika ili ovla\u0161\u0107enog nosioca prava. Kori\u0161\u0107enje Sadr\u017eaja, osim na na\u010din opisan u ovim uslovima kori\u0161\u0107enja, bez pisane dozvole vlasnika Sadr\u017eaja je strogo zabranjeno.<br>Libra Herbal \u0107e za\u0161tititi svoja autorska prava, svoja prava intelektualne svojine i ostala srodna prava, kao i druga prava, u najve\u0107oj meri dozvoljenoj zakonom, uklju\u010duju\u0107i i krivi\u010dno gonjenje.<\/p>\n<h2 class=\"mb-3\"><small>UPOTREBA SAJTA<\/small><\/h2>\n<p class=\"mb-5\">Sadr\u017eaj internet sajta mo\u017ee sadr\u017eati neta\u010dne podatke ili \u0161tamparske gre\u0161ke. Promene na internet sajtu se mogu napraviti periodi\u010dno u bilo kom trenutku i bez obave\u0161tenja. Me\u0111utim, Libra Herbal se ne obavezuje da redovno a\u017eurira informacije sadr\u017eane na ovom internet sajtu.<br>Tako\u0111e, Libra Herbal ne garantuje da \u0107e internet sajt funkcionisati bez prekida ili gre\u0161aka, da \u0107e nedostaci biti blagovremeno ispravljani ili da je internet sajt kompatibilan sa va\u0161im hardverom ili softverom.<br>Informacije date na ovom internet sajtu ne treba tuma\u010diti kao savete za dono\u0161enje odluka bilo koje vrste.<br>Treba da se posavetujete sa odgovaraju\u0107im stru\u010dnjakom ako Vam je potreban specifi\u010dan savet prilago\u0111en va\u0161oj situaciji.<\/p>\n<h2 class=\"mb-3\"><small>KUKIJI<\/small><\/h2>\n<p class=\"mb-5\">Ovaj sajt prikuplja standardne informacije za logovanje uklju\u010duju\u0107i Va\u0161u IP adresu, tip pretra\u017eiva\u010da i jezik, vreme pristupa. Kako bismo obezbedili \u0161to bolje funkcionisanje veb-sajta i omogu\u0107ili pobolj\u0161anu navigaciju, mi ili na\u0161i provajderi koristimo kukije (male tekstualne datoteke koje se \u010duvaju u pretra\u017eiva\u010du korisnika). Ne prikupljamo niti \u010duvamo pojedina\u010dne kukije. Imamo pristup samo zbirnim podacima o kukijima koje koristimo u funkcionalne svrhe.<\/p>\n<h2 class=\"mb-3\"><small>PRIKUPLJANJE I OBRADA LI\u010cNIH PODATAKA<\/small><\/h2>\n<p class=\"mb-5\">Kao posetilac niste obavezni da dostavite svoje li\u010dne podatke da biste koristili ovaj veb-sajt. Bez obzira na navedeno, ovaj veb-sajt mo\u017ee da prikuplja li\u010dne podatke koje posetioci dobrovoljno dostavljaju. Prikupljanje neophodnih li\u010dnih podataka se vr\u0161i samo u svrhu kontaktiranja sa vlasnikom sajta putem kontakt formulara na veb-sajtu kao i za dostavljanje naru\u010denih proizvoda putem aplikacije na veb-sajtu. Prikupljanje va\u0161ih li\u010dnih podataka obavlja se u skladu sa va\u017ee\u0107im Zakonom o za\u0161titi podataka o li\u010dnosti. Podaci su za\u0161ti\u0107eni od neovla\u0161\u0107ene upotrebe i bi\u0107e kori\u0161\u0107eni isklju\u010divo za odgovor na va\u0161a pitanja ili dostavu naru\u010dene robe. Za bilo koju drugu svrhu osim ako to nije Zakonom predvi\u0111eno, prvo \u0107emo tra\u017eiti od vas odobrenje za davanje li\u010dnih podataka tre\u0107em licu.<\/p>\n<h2 class=\"mb-3\"><small>PERIOD \u010cUVANJA LI\u010cNIH PODATAKA<\/small><\/h2>\n<p class=\"mb-5\">Veb sajt Libra Herbal ne sadr\u017ei sistem za prijavu korisnika, ve\u0107 zahteva unos li\u010dnih podataka prilikom svakog naru\u010divanja proizvoda. Posetilac veb-sajta dobrovoljno dostavlja neophodne podatke za dostavu robe prilikom naru\u010divanja a podaci nakon slanja bivaju uni\u0161teni trajno.<\/p>\n<\/div>\n<\/div>\n<\/div>\n<\/div>\n<\/div>\n<\/div>\n<\/section>\n<\/div>\n<div id=\"shopify-section-sections--18754495381741__footer\" class=\"shopify-section shopify-section-group-footer-group section-footer\">\n<footer id=\"footer\" class=\"footer\">\n<div class=\"row\">\n<div class=\"small-12 medium-3 columns\">&nbsp;<\/div><\/div><\/footer><\/div>\n<p><\/p>\t\t\t\t\t\t\t\t<\/div>\n\t\t\t\t<\/div>\n\t\t\t\t\t<\/div>\n\t\t\t\t<\/div>\n\t\t\t\t<\/div>","protected":false},"excerpt":{"rendered":"<p>PRISTUP I KORI\u0160\u0106ENJE SAJTA Va\u0161 pristup, kao i kori\u0161\u0107enje na\u0161eg internet sajta (u daljem tekstu: internet sajt) podle\u017ee ovim uslovima kori\u0161\u0107enja i va\u017ee\u0107im zakonskim propisima koji ure\u0111uju ovu oblast. Pristupom i kori\u0161\u0107enjem internet sajta, prihvatate bez ograni\u010denja, ove uslove kori\u0161\u0107enja. Ukoliko ne prihvatate ove uslove kori\u0161\u0107enja bez ograni\u010denja, molimo vas da napustite internet sajt. VLASNI\u0160TVO [&hellip;]<\/p>","protected":false},"author":1,"featured_media":0,"parent":0,"menu_order":0,"comment_status":"closed","ping_status":"closed","template":"","meta":{"footnotes":""},"class_list":["post-2099","page","type-page","status-publish","hentry"],"blocksy_meta":{"styles_descriptor":{"styles":{"desktop":"","tablet":"","mobile":""},"google_fonts":[],"version":6}},"_links":{"self":[{"href":"https:\/\/libraherbal.rs\/en\/wp-json\/wp\/v2\/pages\/2099","targetHints":{"allow":["GET"]}}],"collection":[{"href":"https:\/\/libraherbal.rs\/en\/wp-json\/wp\/v2\/pages"}],"about":[{"href":"https:\/\/libraherbal.rs\/en\/wp-json\/wp\/v2\/types\/page"}],"author":[{"embeddable":true,"href":"https:\/\/libraherbal.rs\/en\/wp-json\/wp\/v2\/users\/1"}],"replies":[{"embeddable":true,"href":"https:\/\/libraherbal.rs\/en\/wp-json\/wp\/v2\/comments?post=2099"}],"version-history":[{"count":4,"href":"https:\/\/libraherbal.rs\/en\/wp-json\/wp\/v2\/pages\/2099\/revisions"}],"predecessor-version":[{"id":2368,"href":"https:\/\/libraherbal.rs\/en\/wp-json\/wp\/v2\/pages\/2099\/revisions\/2368"}],"wp:attachment":[{"href":"https:\/\/libraherbal.rs\/en\/wp-json\/wp\/v2\/media?parent=2099"}],"curies":[{"name":"wp","href":"https:\/\/api.w.org\/{rel}","templated":true}]}}